{"id":137,"date":"2017-01-31T18:32:58","date_gmt":"2017-01-31T18:32:58","guid":{"rendered":"http:\/\/stefandevylder.com\/?page_id=137"},"modified":"2019-07-24T13:48:06","modified_gmt":"2019-07-24T13:48:06","slug":"texter-pa-svenska","status":"publish","type":"page","link":"https:\/\/stefandevylder.com\/?page_id=137","title":{"rendered":"Extramaterial till boken \u201cInnan jag flyttar in p\u00e5 hemmet och m\u00e5ste kasta alla mina gamla papper\u201d"},"content":{"rendered":"<h4>Nedan f\u00f6ljer l\u00e4nkar till ett litet urval av tidigare publicerade artiklar och kr\u00f6nikor. En mer utf\u00f6rlig lista \u00f6ver publikationer finns i Stefans CV. M\u00e5nga av dessa texter finns ocks\u00e5 tillg\u00e4ngliga p\u00e5 n\u00e4tet om man googlar rubriken.<\/h4>\n<h4>Om boken<\/h4>\n<p>Som titeln antyder \u2013\u201cInnan jag flyttar in p\u00e5 hemmet och m\u00e5ste kasta alla mina gamla papper\u201d \u2013 \u00e4r boken delvis baserad p\u00e5 f\u00f6rfattarens egna erfarenheter.<\/p>\n<p>De ber\u00e4ttelser som inleder \u00e4r h\u00e4mtade fr\u00e5n bist\u00e5ndsv\u00e4rlden. Ibland har f\u00f6rfattaren r\u00e5kat illa ut, v\u00e4rst var det i milit\u00e4rdiktaturens Etiopien i slutet av 70-talet. Han har ocks\u00e5 trampat i det diplomatiska klaveret s\u00e5 grovt att en svensk utrikesminister sa \u2013 dock inte offentligt \u2013 att den d\u00e4r de Vylder borde skjutas.<\/p>\n<p>Ett kapitel handlar om hur det var att hoppa av plugget i b\u00f6rjan av det optimistiska 60-talet. Ett annat: \u201dSex och politik\u201d bygger p\u00e5 hans erfarenheter fr\u00e5n sex \u00e5rs styrelsearbete, fram till 2015, f\u00f6r RFSU.<\/p>\n<p>I en avslutande del, som smakprov p\u00e5 f\u00f6rfattarens elakhet, ett urval av tidigare publicerade kr\u00f6nikor och debattartiklar. H\u00e4r varvas kritiska betraktelser \u00f6ver hur Sverige utvecklats till de rikas skatteparadis med plumpa personangrepp p\u00e5 makthavare.<br \/>\nH\u00e4r nedan kan du hitta extramaterial till boken och senaste debattartiklar<\/p>\n<h3>Utvecklingsfr\u00e5gor<\/h3>\n<p><a href=\"http:\/\/stefandevylder.com\/wp-content\/uploads\/2017\/01\/Globalisering.pdf\" target=\"_blank\" rel=\"noopener noreferrer\">Globalisering<\/a><br \/>\n<a href=\"http:\/\/stefandevylder.com\/wp-content\/uploads\/2017\/02\/Vad_gjorde_Sverige_rikt.pdf\" target=\"_blank\" rel=\"noopener noreferrer\">Vad gjorde Sverige rikt?<\/a><br \/>\n<a href=\"http:\/\/stefandevylder.com\/wp-content\/uploads\/2017\/01\/Rattvis_handel_och_rattvist_handlande.pdf\" target=\"_blank\" rel=\"noopener noreferrer\">R\u00e4ttvis handel och r\u00e4ttvist handlande<\/a><br \/>\n<a href=\"http:\/\/stefandevylder.com\/wp-content\/uploads\/2017\/02\/Utvecklingsteoriers_utveckling.pdf\" target=\"_blank\" rel=\"noopener noreferrer\">Utvecklingsteoriers utveckling<\/a><br \/>\n<a href=\"http:\/\/stefandevylder.com\/wp-content\/uploads\/2017\/02\/Why_Deficits_Grow.pdf\" target=\"_blank\" rel=\"noopener noreferrer\">Why Deficits Grow<\/a><\/p>\n<h3>Finanskriser, EMU och eurokrisen<\/h3>\n<p><a href=\"http:\/\/stefandevylder.com\/wp-content\/uploads\/2017\/01\/Demokratins_kanariefagel-1.pdf\" target=\"_blank\" rel=\"noopener noreferrer\">Demokratins kanariefagel<\/a><br \/>\n<a href=\"http:\/\/stefandevylder.com\/wp-content\/uploads\/2017\/01\/EMU_och_risken_for_finanskriser.pdf\" target=\"_blank\" rel=\"noopener noreferrer\">EMU och risken f\u00f6r finanskriser<\/a><br \/>\n<a href=\"http:\/\/stefandevylder.com\/wp-content\/uploads\/2017\/01\/Evigt_liv_for_EMU.pdf\" target=\"_blank\" rel=\"noopener noreferrer\">Evigt liv f\u00f6r EMU<\/a><br \/>\n<a href=\"http:\/\/stefandevylder.com\/wp-content\/uploads\/2017\/01\/Greece_and_the_euro_crisis.pdf\" target=\"_blank\" rel=\"noopener noreferrer\">Greece and the euro crisis<\/a><br \/>\n<a href=\"http:\/\/stefandevylder.com\/wp-content\/uploads\/2017\/01\/Lat_euron_falla.pdf\" target=\"_blank\" rel=\"noopener noreferrer\">L\u00e5t euron falla<\/a><br \/>\n<a href=\"http:\/\/www.forumeudebatt.se\/content\/uploads\/2013\/05\/Rapport2-de-Vylder-maj-2003.pdf\" target=\"_blank\" rel=\"noopener noreferrer\">Eurokrisen och finanspakten<\/a><br \/>\n<a href=\"http:\/\/stefandevylder.com\/wp-content\/uploads\/2017\/01\/The_Crisis_of_the_Euro.pdf\" target=\"_blank\" rel=\"noopener noreferrer\">The Crisis of the Euro<\/a><br \/>\n<a href=\"http:\/\/stefandevylder.com\/wp-content\/uploads\/2017\/01\/The_Euro_and_Democracy.pdf\" target=\"_blank\" rel=\"noopener noreferrer\">The Euro and Democracy<\/a><br \/>\n<a href=\"http:\/\/stefandevylder.com\/wp-content\/uploads\/2017\/01\/Tufft_lage_for_flera_lander_i_EMU.pdf\" target=\"_blank\" rel=\"noopener noreferrer\">Tufft l\u00e4ge f\u00f6r flera l\u00e4nder i EMU<\/a><br \/>\n<a href=\"http:\/\/stefandevylder.com\/wp-content\/uploads\/2017\/02\/Tva_katastrofer_EMU_och_guldmyntfoten.pdf\" target=\"_blank\" rel=\"noopener noreferrer\">Tv\u00e5 katastrofer: EMU och guldmyntfoten<\/a><br \/>\n<a href=\"http:\/\/stefandevylder.com\/wp-content\/uploads\/2017\/01\/Vad_var_det_dom_sa.pdf\" target=\"_blank\" rel=\"noopener noreferrer\">Vad var det dom sa?<\/a><br \/>\n<a href=\"http:\/\/nationalekonomi.se\/filer\/pdf\/27-2-sdv.pdf\" target=\"_blank\" rel=\"noopener noreferrer\">Finanskriser och krishantering: n\u00e5gra l\u00e4rdomar<\/a><\/p>\n<h3>Bist\u00e5nd<\/h3>\n<p><a href=\"http:\/\/stefandevylder.com\/wp-content\/uploads\/2017\/02\/aid_cycles.pdf\" target=\"_blank\" rel=\"noopener noreferrer\">Aid Cycles<\/a><br \/>\n<a href=\"http:\/\/stefandevylder.com\/wp-content\/uploads\/2017\/01\/Bistandets_roll.pdf\" target=\"_blank\" rel=\"noopener noreferrer\">Bist\u00e5ndets roll<\/a><br \/>\n<a href=\"http:\/\/stefandevylder.com\/wp-content\/uploads\/2017\/01\/Doing_Business_with_Brussels_A_Case_Study_of_Transaction_Costs.pdf\" target=\"_blank\" rel=\"noopener noreferrer\">Doing Business with Brussels &#8211; A Case study of Transaction Costs<\/a><br \/>\n<a href=\"http:\/\/stefandevylder.com\/wp-content\/uploads\/2017\/02\/Fel_losning_pa_Afrikas_kris.pdf\" target=\"_blank\" rel=\"noopener noreferrer\">Fel l\u00f6sning p\u00e5 Afrikas kris<\/a><br \/>\n<a href=\"http:\/\/stefandevylder.com\/wp-content\/uploads\/2017\/01\/vad_menade_goran_persson.pdf\" target=\"_blank\" rel=\"noopener noreferrer\">Vad menade G\u00f6ran Persson?<\/a><br \/>\n<a href=\"http:\/\/nationalekonomi.se\/filer\/pdf\/20-6-sv.pdf\" target=\"_blank\" rel=\"noopener noreferrer\">Den &#8216;holl\u00e4ndska sjukan&#8217; och bist\u00e5nd<\/a><br \/>\n<a href=\"http:\/\/nationalekonomi.se\/filer\/pdf\/14-4-sv.pdf\" target=\"_blank\" rel=\"noopener noreferrer\">Katastrofer och katastrofbist\u00e5nd<\/a><\/p>\n<h3>Barn och ekonomisk politik<\/h3>\n<p><a href=\"https:\/\/www.unicef-irc.org\/research\/ESP\/globalization\/chapter10.pdf\" target=\"_blank\" rel=\"noopener noreferrer\">A macroeconomic policy for children in the era of globalisation<\/a><br \/>\n<a href=\"http:\/\/stefandevylder.com\/wp-content\/uploads\/2017\/01\/Ge_barnen_rostratt.pdf\" target=\"_blank\" rel=\"noopener noreferrer\">Ge barnen r\u00f6str\u00e4tt<\/a><br \/>\n<a href=\"http:\/\/stefandevylder.com\/wp-content\/uploads\/2017\/01\/Impact_on_Children_of_Economic_Policies.pdf\" target=\"_blank\" rel=\"noopener noreferrer\">Impact on Children of Economic Policies <\/a><br \/>\n<a href=\"http:\/\/stefandevylder.com\/wp-content\/uploads\/2017\/01\/Om_en_barnfientlig_ekonomisk_politik.pdf\" target=\"_blank\" rel=\"noopener noreferrer\">Om en barnfientlig ekonomisk politik<\/a><\/p>\n<h3>Chile<\/h3>\n<p><a href=\"http:\/\/stefandevylder.com\/wp-content\/uploads\/2017\/01\/Chile_under_Pinochet_Arbetarhistoria_2010.pdf\" target=\"_blank\" rel=\"noopener noreferrer\">Chile under Pinochet &#8211; Arbetarhistoria 2010<\/a><br \/>\n<a href=\"http:\/\/stefandevylder.com\/wp-content\/uploads\/2017\/01\/Hur_bra_mar_Chile.pdf\" target=\"_blank\" rel=\"noopener noreferrer\">Hur bra m\u00e5r Chile?<\/a><\/p>\n<h3>Diverse artiklar och kr\u00f6nikor<\/h3>\n<p><a href=\"http:\/\/stefandevylder.com\/wp-content\/uploads\/2017\/01\/Bedragare_som_gar_fria.pdf\" target=\"_blank\" rel=\"noopener noreferrer\">Bedragare som g\u00e5r fria<\/a><br \/>\n<a href=\"http:\/\/stefandevylder.com\/wp-content\/uploads\/2017\/01\/En_ny_ekonomisk_varldsordning.pdf\" target=\"_blank\" rel=\"noopener noreferrer\">En ny ekonomisk v\u00e4rldsordning<\/a><br \/>\n<a href=\"http:\/\/stefandevylder.com\/wp-content\/uploads\/2017\/01\/Gamla_och_nya_experiment.pdf\" target=\"_blank\" rel=\"noopener noreferrer\">Gamla och nya experiment<\/a><br \/>\n<a href=\"http:\/\/stefandevylder.com\/wp-content\/uploads\/2017\/01\/Globalisering_pa_gott_och_ont.pdf\" target=\"_blank\" rel=\"noopener noreferrer\">Globalisering p\u00e5 gott och ont<\/a><br \/>\n<a href=\"http:\/\/stefandevylder.com\/wp-content\/uploads\/2017\/01\/Inflation_och_hyperinflation_Erfarenheter_fran_1980-talets_Latinamerika.pdf\" target=\"_blank\" rel=\"noopener noreferrer\">Inflation och hyperinflation; Erfarenheter fr\u00e5n 1980-talets Latinamerika<\/a><br \/>\n<a href=\"http:\/\/stefandevylder.com\/wp-content\/uploads\/2017\/01\/Kan_Goran_Persson_halvera_arbetslosheten.pdf\" target=\"_blank\" rel=\"noopener noreferrer\">Kan G\u00f6ran Persson halvera arbetsl\u00f6sheten?<\/a><br \/>\n<a href=\"http:\/\/stefandevylder.com\/wp-content\/uploads\/2017\/01\/Om_smaforetagares_villkor.pdf\" target=\"_blank\" rel=\"noopener noreferrer\">Om sm\u00e5f\u00f6retagares villkor<\/a><br \/>\n<a href=\"http:\/\/stefandevylder.com\/wp-content\/uploads\/2017\/01\/Keynes_upp_och_ned.pdf\" target=\"_blank\" rel=\"noopener noreferrer\">Keynes upp och ned<\/a><br \/>\n<a href=\"http:\/\/stefandevylder.com\/wp-content\/uploads\/2017\/01\/Salj_dina_dollar.pdf\" target=\"_blank\" rel=\"noopener noreferrer\">S\u00e4lj dina dollar<\/a><br \/>\n<a href=\"http:\/\/stefandevylder.com\/wp-content\/uploads\/2017\/01\/Se_upp_med_aktieradgivarna.pdf\" target=\"_blank\" rel=\"noopener noreferrer\">Se upp med aktier\u00e5dgivarna<\/a><br \/>\n<a href=\"http:\/\/stefandevylder.com\/wp-content\/uploads\/2017\/01\/Skatteparadiset_Sverige.pdf\" target=\"_blank\" rel=\"noopener noreferrer\">Skatteparadiset Sverige<\/a><br \/>\n<a href=\"http:\/\/nationalekonomi.se\/filer\/pdf\/18-2-sv.pdf\" target=\"_blank\" rel=\"noopener noreferrer\">Perestrojka i tredje v\u00e4rlden: Fallet Vietnam<\/a><\/p>\n<h3>Jordbrukspolitik<\/h3>\n<p><a href=\"http:\/\/stefandevylder.com\/wp-content\/uploads\/2017\/01\/Markvardigt_tyst_i_debatten_om_svensk_jordbrukspolitik.pdf\" target=\"_blank\" rel=\"noopener noreferrer\">M\u00e4rkvardigt tyst i debatten om svensk jordbrukspolitik<\/a><br \/>\n<a href=\"http:\/\/stefandevylder.com\/wp-content\/uploads\/2017\/01\/Mot_en_ljusare_framtid_for_bonder_KSLA_2006.pdf\" target=\"_blank\" rel=\"noopener noreferrer\">Mot en ljusare framtid f\u00f6r b\u00f6nder; KSLA\u00a0 2006<\/a><\/p>\n<h3>Kostnader f\u00f6r v\u00e5ld<\/h3>\n<p><a href=\"http:\/\/citeseerx.ist.psu.edu\/viewdoc\/summary?doi=10.1.1.308.2081\" target=\"_blank\" rel=\"noopener noreferrer\">Costs of Male Violence<\/a><br \/>\n<a href=\"http:\/\/kunskapsbanken.nck.uu.se\/nckkb\/nck\/publik\/fil\/visa\/76\/NCK_Antologi_sjuperspektiv_www_kap06.pdf\" target=\"_blank\" rel=\"noopener noreferrer\">Vad kostar v\u00e5ldt\u00e4kter?<\/a><br \/>\n<a href=\"http:\/\/stefandevylder.com\/wp-content\/uploads\/2017\/01\/Mans_vald_och_manliga_forebilder.pdf\" target=\"_blank\" rel=\"noopener noreferrer\">M\u00e4ns v\u00e5ld och manliga f\u00f6rebilder<\/a><br \/>\n<a href=\"http:\/\/stefandevylder.com\/wp-content\/uploads\/2017\/01\/Vad_kostar_mans_vald.pdf\" target=\"_blank\" rel=\"noopener noreferrer\">Vad kostar m\u00e4ns v\u00e5ld?<\/a><\/p>\n","protected":false},"excerpt":{"rendered":"<p>Nedan f\u00f6ljer l\u00e4nkar till ett litet urval av tidigare publicerade artiklar och kr\u00f6nikor. En mer utf\u00f6rlig lista \u00f6ver publikationer finns i Stefans CV. M\u00e5nga av dessa texter finns ocks\u00e5 tillg\u00e4ngliga p\u00e5 n\u00e4tet om man googlar rubriken. Om boken Som titeln antyder \u2013\u201cInnan jag flyttar in p\u00e5 hemmet och m\u00e5ste kasta alla mina gamla papper\u201d \u2013 [&hellip;]<\/p>\n","protected":false},"author":1,"featured_media":0,"parent":0,"menu_order":0,"comment_status":"closed","ping_status":"closed","template":"","meta":{"jetpack_post_was_ever_published":false,"footnotes":""},"class_list":["post-137","page","type-page","status-publish","hentry"],"jetpack_shortlink":"https:\/\/wp.me\/P3sHGm-2d","jetpack_sharing_enabled":true,"_links":{"self":[{"href":"https:\/\/stefandevylder.com\/index.php?rest_route=\/wp\/v2\/pages\/137","targetHints":{"allow":["GET"]}}],"collection":[{"href":"https:\/\/stefandevylder.com\/index.php?rest_route=\/wp\/v2\/pages"}],"about":[{"href":"https:\/\/stefandevylder.com\/index.php?rest_route=\/wp\/v2\/types\/page"}],"author":[{"embeddable":true,"href":"https:\/\/stefandevylder.com\/index.php?rest_route=\/wp\/v2\/users\/1"}],"replies":[{"embeddable":true,"href":"https:\/\/stefandevylder.com\/index.php?rest_route=%2Fwp%2Fv2%2Fcomments&post=137"}],"version-history":[{"count":36,"href":"https:\/\/stefandevylder.com\/index.php?rest_route=\/wp\/v2\/pages\/137\/revisions"}],"predecessor-version":[{"id":288,"href":"https:\/\/stefandevylder.com\/index.php?rest_route=\/wp\/v2\/pages\/137\/revisions\/288"}],"wp:attachment":[{"href":"https:\/\/stefandevylder.com\/index.php?rest_route=%2Fwp%2Fv2%2Fmedia&parent=137"}],"curies":[{"name":"wp","href":"https:\/\/api.w.org\/{rel}","templated":true}]}}