{"id":20,"date":"2013-04-23T08:41:36","date_gmt":"2013-04-23T08:41:36","guid":{"rendered":"http:\/\/www.stefandevylder.com\/?page_id=20"},"modified":"2016-03-30T06:57:33","modified_gmt":"2016-03-30T06:57:33","slug":"book-reviews","status":"publish","type":"page","link":"https:\/\/stefandevylder.com\/?page_id=20","title":{"rendered":"Book Reviews"},"content":{"rendered":"<p>Susan George, \u201dDeras kris, v\u00e5ra l\u00f6sningar\u201d (Whose Crisis, whose Futures), Respons, No. 2, May 2012<\/p>\n<p>Peter Gerlach (ed.), \u201dNationalekonomi f\u00f6r v\u00e4nstern\u201d, www.ekonomistas.se, 7 April 2011<\/p>\n<p>Linda Pohlman, \u201cKriskaravanen.Vinnare och f\u00f6rlorare i bist\u00e5ndsindustrins sp\u00e5r\u201d, Dagens Nyheter 9 March 2010<\/p>\n<p>Stephen Levitt and Stephen Dubner, \u201cFreakonomics\u201d, Socialpolitik, No. 3\/2005<\/p>\n<p>Brian van Arkadie &amp; Raymond Mallon, \u201cVietnam &#8211; a Transition Tiger?\u201d, Journal of Economic Literature, Vol. XLII, No. 4, December 2004<\/p>\n<p>Melanie Beresford and Dang Phong, &#8220;Economic Transition in Vietnam. Trade and Aid in the Demise of a Centrally Planned Economy&#8221;, Journal of Economic Literature, Vol. XL, June 2002<\/p>\n<p>Jan Joost Teunissen (ed.), &#8220;Can Currency Crises Be Prevented or Better Managaed?&#8221;, Ibero Americana, Nordic Journal of Latin American Studies, Vol. XXVI 1996:1-2<\/p>\n<p>David E. Hojman (ed.), &#8220;Neo-liberalism with a Human Face? The Politics and Economics of the Chilean Model&#8221;, Ibero Americana. Nordic Journal of Latin American Studies, Vol. XXV, 1995:1-2<\/p>\n<p>Hernando de Soto: &#8220;Den andra v\u00e4gen&#8221;, Ekonomisk Debatt 1990:3<\/p>\n<p>Arne Bigsten, &#8220;Income Distribution and Development Theory, Evidence &amp; Policy&#8221;, Ekonomisk Debatt 1983:8<\/p>\n<p>Juan G. Espinosa and Andrew S. Zimbalist, &#8220;Economic Democracy. Workers&#8217; Participation in Chilean Industry 1970-73&#8221;, Economic and Industrial Democracy, Vol. 2, 1981:1<\/p>\n<p>Edward Boorstein, &#8220;Allende&#8217;s Chile. An Inside View&#8221;, and Ian Roxborough, Phil O&#8217;Brien &amp; Jack Roddick, &#8220;Chile. The State &amp; Revolution&#8221;, in: Ibero Americana. Nordic Journal of Latin American Studies, Vol. VII:2, VIII:1, 1978<\/p>\n","protected":false},"excerpt":{"rendered":"<p>Susan George, \u201dDeras kris, v\u00e5ra l\u00f6sningar\u201d (Whose Crisis, whose Futures), Respons, No. 2, May 2012 Peter Gerlach (ed.), \u201dNationalekonomi f\u00f6r v\u00e4nstern\u201d, www.ekonomistas.se, 7 April 2011 Linda Pohlman, \u201cKriskaravanen.Vinnare och f\u00f6rlorare i bist\u00e5ndsindustrins sp\u00e5r\u201d, Dagens Nyheter 9 March 2010 Stephen Levitt and Stephen Dubner, \u201cFreakonomics\u201d, Socialpolitik, No. 3\/2005 Brian van Arkadie &amp; Raymond Mallon, \u201cVietnam &#8211; [&hellip;]<\/p>\n","protected":false},"author":1,"featured_media":0,"parent":0,"menu_order":0,"comment_status":"closed","ping_status":"open","template":"","meta":{"jetpack_post_was_ever_published":false,"footnotes":""},"class_list":["post-20","page","type-page","status-publish","hentry"],"jetpack_shortlink":"https:\/\/wp.me\/P3sHGm-k","jetpack_sharing_enabled":true,"_links":{"self":[{"href":"https:\/\/stefandevylder.com\/index.php?rest_route=\/wp\/v2\/pages\/20","targetHints":{"allow":["GET"]}}],"collection":[{"href":"https:\/\/stefandevylder.com\/index.php?rest_route=\/wp\/v2\/pages"}],"about":[{"href":"https:\/\/stefandevylder.com\/index.php?rest_route=\/wp\/v2\/types\/page"}],"author":[{"embeddable":true,"href":"https:\/\/stefandevylder.com\/index.php?rest_route=\/wp\/v2\/users\/1"}],"replies":[{"embeddable":true,"href":"https:\/\/stefandevylder.com\/index.php?rest_route=%2Fwp%2Fv2%2Fcomments&post=20"}],"version-history":[{"count":2,"href":"https:\/\/stefandevylder.com\/index.php?rest_route=\/wp\/v2\/pages\/20\/revisions"}],"predecessor-version":[{"id":22,"href":"https:\/\/stefandevylder.com\/index.php?rest_route=\/wp\/v2\/pages\/20\/revisions\/22"}],"wp:attachment":[{"href":"https:\/\/stefandevylder.com\/index.php?rest_route=%2Fwp%2Fv2%2Fmedia&parent=20"}],"curies":[{"name":"wp","href":"https:\/\/api.w.org\/{rel}","templated":true}]}}