{"id":249,"date":"2018-04-03T08:03:45","date_gmt":"2018-04-03T08:03:45","guid":{"rendered":"http:\/\/stefandevylder.com\/?page_id=249"},"modified":"2018-08-03T17:30:59","modified_gmt":"2018-08-03T17:30:59","slug":"articles-and-discussion-papers","status":"publish","type":"page","link":"https:\/\/stefandevylder.com\/?page_id=249","title":{"rendered":"Discussion papers and articles"},"content":{"rendered":"<p><strong>Articles and Discussion Papers<\/strong><\/p>\n<p>&#8220;Har euron n\u00e5gon framtid?&#8221; (&#8220;Does the Euro have a Future?&#8221;), In S\u00f6derstr\u00f6m, Hans Tson, &#8220;\u00d6verlever euron? Sex ekonomer om eurokrisen, FORES November 2013<\/p>\n<p>\u201cEurokrisen och finanspakten: Ur askan i elden&#8221; (The Euro Crisis and the Fiscal Compact: Out of the Ashes into the Fire&#8221;), Forum F\u00f6r EU-debatt, Rapport nr. 2, May 2013<\/p>\n<p>\u201dM\u00e4rkv\u00e4rdigt tyst i debatten. Finns svensk jordbrukspolitik?\u201d, i Christer Isaksson (ed.), \u201dMaten och makten. Hur ska den nya v\u00e4rlden m\u00e4ttas?\u201d, Ekerlids F\u00f6rlag, 2012<\/p>\n<p>\u201cG\u00f6r a-kassan obligatorisk\u201d, politiken.se 19 april 2012<\/p>\n<p>\u201cDemokratins kanarief\u00e5gel\u201d, Sekotidningen april 2012<\/p>\n<p>\u201cDe h\u00f6jda matpriserna &#8211; en n\u00f6dv\u00e4ndig kris\u201d (\u201cHigher food prices &#8211; a necessary crisis\u201d), MANA no. 2\/2011<\/p>\n<p>\u201cGreece and the Euro Crisis\u201d, www.investmentpostcards.com, 3 July 2011<\/p>\n<p>\u201cValutaunionen b\u00e4ddar f\u00f6r br\u00e5k\u201d (\u201cThe currency union is set up for conflict\u201d), Svenska Dagbladet, Br\u00e4nnpunkt, 30 June 2011<\/p>\n<p>\u201dThe Crises of the Euro\u201d, www.investmentpostcards.com, 30 December 2010<\/p>\n<p>\u201dSamh\u00e4llsekonomiska kostnader f\u00f6r sexuellt v\u00e5ld\u201d (\u201dCosts of sexual violence\u201d), i Gun Heimer &amp; Ann-Marie Tung Hermelin (eds.), \u201dSju perspektiv p\u00e5 v\u00e5ldt\u00e4kt\u201d, Nationellt Centrum f\u00f6r Kvinnofrid, Uppsala Universitet, Uppsala 2010<\/p>\n<p>\u201dS\u00e4tt fart p\u00e5 Sveriges statsutgifter!\u201d (\u201dIncrease Sweden&#8217;s government expenditure!\u201d), Svenska Dagbladet, Br\u00e4nnpunkt, 26 October 2010<\/p>\n<p>\u201dFattigdom i ett globalt perspektiv\u201d (\u201dPoverty in a global context\u201d), Framtider 1\/2010, Institutet f\u00f6r Framtidsstudier, Stockholm 2010<\/p>\n<p>\u201dB\u00f6rjan till slutet f\u00f6r euron?\u201d (\u201cThe beginning of the end for the euro?\u201d), Ordfront Magasin no. 4\/2010<\/p>\n<p>\u201cThe Millenium Development Goals\u201d, NAI Forum April 2010<\/p>\n<p>\u201cTufft l\u00e4ge f\u00f6r flera l\u00e4nder I EMU\u201d (\u201dDifficult situation for several of the members of the EMU\u201d), Svenska Dagbladet Br\u00e4nnpunkt, 9 February 2010<\/p>\n<p>\u201cHantera den verkliga matkrisen!\u201d (\u201cDeal with the real food crisis!\u201d), Utan Gr\u00e4nsers nyhetsbrev Utsikten, nr. 1, February 2009<\/p>\n<p>\u201dFr\u00e5n finanskris till global l\u00e5gkonjunktur\u201d, (\u201dFrom financial crisis to global recession\u201d) Socialistisk Debatt nr. 4\/2008<\/p>\n<p>\u201cVad kostar m\u00e4ns v\u00e5ld?\u201d (\u201cCosts of male violence\u201d), in Ulf Krook et.al. (eds), \u201cV\u00e5ld till vardags\u201d, Ordfront, Stockholm 2008<\/p>\n<p>\u201cWTO-kollapsen b\u00e4ddar f\u00f6r bilaterala avtal\u201d (\u201cThe Collapse of the WTO Negotiations Paves the Way for Bilateral Agreements\u201d,( in S\u00f6dra Afrika no. 3\/2008)<\/p>\n<p>\u201cV\u00e4rldshandeln i f\u00f6r\u00e4ndring\u201d (World Trade in Transition\u201d), MANA no. 4\/2008<\/p>\n<p>\u201cToward a Brighter Future for Farmers?\u201d, in \u201cAgriculture, Trade and Development. Toward Greater Coherence\u201d, Royal Swedish Academy of Agriculture and Forestry (KSLA), revised and updated English version of (2006c), Stockholm 2008<\/p>\n<p>\u201cIndustrial Development and Income Distribution\u201d, in OSH &amp; Development, No. 7\/2006 (2006a)<\/p>\n<p>\u201dS\u00e4lj dina dollar!\u201d (\u201dSell your dollars\u201d!), in Socialpolitik No. 4\/2006 (2006b)<\/p>\n<p>\u201cMot en ljusare framtid f\u00f6r b\u00f6nder? N\u00e5gra politiska och ekonomiska trender ig\u00e5r, idag och i morgon\u201d (\u201cTowards a Brighter Future for Farmers? Some Economic and Political Trends Yesterday, Today and Tomorrow\u201d, in Swedish), in \u201cJordbruk, handel och utveckling\u201d, Kungliga Skogs- och Lantbruks-akademien (KSLA), Stockholm 2006 (2006c)<\/p>\n<p>\u201cLatin America: Economic Recovery and Sustained Poverty Reduction within Sight?\u201d, discussion paper, Stockholm, October 2005<\/p>\n<p>\u201cChilenskt dilemma\u201d (\u201cChilean dilemma\u201d), Socialpolitik no. 1\/2005<\/p>\n<p>\u201cVem tj\u00e4nar p\u00e5 skuldavskrivning?\u201d (\u201cWho benefit from debt relief?\u201d, OmV\u00e4rlden no.6, September 2005<\/p>\n<p>\u201cInternationalism eller Europa-nationalism?\u201d (\u201cInternationalism or European Nationalism?\u201d, in Swedish), in Henrik Dahlsson (ed.), \u201cV\u00e4gval f\u00f6r Europa\u201d, Nytt Europa, Viborg, 2004<\/p>\n<p>\u201cCosts of Male Violence\u201d, in Ferguson, Harry et.al., \u201cEnding Gender-based Violence: A Call for Global Action to Involve Men\u201d, Sida, Stockholm 2004 (also available in Spanish and Portuguese)<\/p>\n<p>\u201cDebt-for-AIDS Swaps. A UNAIDS Policy Information Brief\u201d, UNAIDS, Geneva, 2004<\/p>\n<p>\u201cEMU och risken f\u00f6r finanskriser\u201d (\u201cEMU and the Risk of Financial Crises\u201d, in Swedish), Fackliga EU-kritiker, Stockholm 2003<\/p>\n<p>\u201cChile under Pinochet\u201d (in Swedish), in Francisco Contreras (ed.), \u201c11 september &#8211; 30 \u00e5r\u201d, Nixons F\u00f6rlag, Stockholm 2003<\/p>\n<p>\u201cGender Equality and Poverty Reduction Strategies\u201d, discussion paper commissioned by the Swedish Ministry for Foreign Affairs, Stockholm, June 2003<\/p>\n<p>\u201cEMU b\u00e4ddar f\u00f6r br\u00e5k\u201d (\u201cThe EMU is set up for conflict\u201d, in Swedish), in Hermele (ed.), \u201dAllt du inte vill veta om EMU om du t\u00e4nkt r\u00f6sta ja\u201d, Ordfronts F\u00f6rlag, Stockholm 2003<\/p>\n<p>\u201dEMU b\u00e4ddar f\u00f6r br\u00e5k\u201d \u201dThe EMU is set up for conflict\u201d), Svenska Dagbladet, Br\u00e4nnpunkt, 24 November 2002<\/p>\n<p>&#8220;Argentinas kris&#8221; (&#8220;Argentina\u00b4s Crisis&#8221;), Socialpolitik 2002:2<\/p>\n<p>&#8220;MUL-l\u00e4nderna och globaliseringen&#8221; (&#8220;The Least Developed Countries and Globalisation&#8221;, in Christer Gustavsson (ed.), &#8220;Makt \u00e5t de maktl\u00f6sa. Solidaritet i globaliseringens tid&#8221;, Proprius F\u00f6rlag, Stockholm 2001<\/p>\n<p>&#8220;A Development Disaster: HIV\/AIDS as a Cause and Consequence of Poverty&#8221;, paper commissioned by the Swedish Parliamentary Commission on Global Development (Globkom), Stockholm, September 2001<\/p>\n<p>&#8220;Kan en Tobin-skatt f\u00f6rhindra finanskriser?&#8221; (&#8220;Could a Tobin Tax Prevent Financial Crises?&#8221;), in Ursula Berge (red.), &#8220;Tobin-skatten&#8221;, Agora, Bj\u00e4rnum, 2001<\/p>\n<p>\u201cChildren and macroeconomics: the big picture\u201d, in CRIN Newsletter, November 2000, Child Rights Information Newtwork, London 2000<\/p>\n<p>&#8220;A Macroeconomic Policy for Children in the Era of Globalisation&#8221;, in Giovanni Andrea Cornia (ed.), \u201cHarnessing Globalization for Children\u201d, Innocenti Center\/UNICEF, Geneva 2001<\/p>\n<p>&#8220;Children and Economic Policies: Making the Link Visible&#8221;, in Bill Bell\/Anna Schnell\/Diana Sutton\/Stefan de Vylder, Children, Economics and the EU &#8211; towards Child-friendly Policies, Save the Children Alliance, Stockholm 2000<\/p>\n<p>&#8220;Impact on Children of Economic Policies&#8221;, address to the Preparatory Committee for the Special Session of the General Assembly for Follow-up to the World Summit for Children, New York, 31 May, 2000<\/p>\n<p>&#8220;Keynes upp och ned&#8221; (&#8220;Keynes upside down&#8221;), Socialpolitik 1999:4-5<\/p>\n<p>&#8220;Finanskriser och krishantering: N\u00e5gra l\u00e4rdomar&#8221; (&#8220;Financial Crises and Crisis Management: Some Lessons&#8221;), Ekonomisk Debatt, 1999:2<\/p>\n<p>&#8220;Quality of Life and Economic Development&#8221;, in Kerstin Lindahl Kiessling (ed), Alleviating the Consequences of an Ecological Disaster. Conference on the Aral Sea, Swedish UNIFEM Committee, Uppsala 1999<\/p>\n<p>&#8220;Barn och barnfamiljer 90-talets f\u00f6rlorare&#8221;, Bengt Starrin\/Ronny Svensson (eds), Sverige efter v\u00e4lf\u00e4rdskrisen. Mellan hot och jobb. Borea F\u00f6rlag, Ume\u00e5 1998<\/p>\n<p>&#8220;Det \u00e4r bra n\u00e4r imperier g\u00e5r under&#8221;, Hans \u00d6hrn (ed.), &#8220;Himmel eller helvete &#8211; s\u00f6dra Afrika inf\u00f6r 2000&#8221;, Afrika-gruppernas \u00e5rsbok 1998, Solna 1998<\/p>\n<p>&#8220;Fr\u00e5n latmask till pluggh\u00e4st&#8221;, N\u00e4r v\u00e4rlden vidgas. Hermodsstudenter ber\u00e4ttar, Liber\/Hermods, Malm\u00f6 1998<\/p>\n<p>&#8220;Hur ska man handla i en galen tid?&#8221;, ARENA, 1998:3<\/p>\n<p>&#8220;Latinamerika foran \u00e5r 2000: Stabilisering, og deretter?&#8221;, Latin-Amerikagruppene i Norge, Markedets pris, Oslo 1998 (in Norwegian)<\/p>\n<p>&#8220;Att f\u00f6rebygga \u00e4r l\u00f6nsamt&#8221;, Pockettidningen R 1998:3-4<\/p>\n<p>&#8220;Vi betalar inte!&#8221;, ARENA, 1998:1<\/p>\n<p>&#8220;H\u00e4grar utvecklingen p\u00e5 andra sidan sekelskiftet?&#8221;, Nyheter fr\u00e5n Latinamerika, 1998:1-2<\/p>\n<p>&#8220;Is the Chilean Economy Finally Becoming Coherent?&#8221;, paper presented at the Annual Conference of the British Society for Latin American Studies, St Andrews, Scotland, 4-6 April 1997<\/p>\n<p>&#8220;Macroeconomic Policies and the Rights of the Child&#8221;, paper presented at the seminar &#8220;The Future of Children in Europe&#8221;, Madrid 11-13 March 1997, mimeo<\/p>\n<p>&#8220;Sverige 1870-1970. Utvecklingsteoretiska l\u00e4rdomar&#8221;, OmV\u00e4rlden, 1997:2<\/p>\n<p>&#8220;Comments on papers presented by George Irvin and Truong Thanh-Dam&#8221;, Beckman\/Hansson\/Rom\u00e1n (eds.), Vietnam. Reform and Transformation, Center for Pacific Asia Studies, Stockholm 1997<\/p>\n<p>&#8220;Vart tog tilliten v\u00e4gen?&#8221; (\u201dWhat happened to trust?\u201d, Teknisk Tidskrift\/CFs \u00c5rsbok, 1997<\/p>\n<p>&#8220;Social Capital and the Role of Civil Society in the Development Process&#8221;, paper presented at &#8220;Seminar on the Role of National Associations: The Swedish Experience&#8221;, Hanoi, November 1996<\/p>\n<p>&#8220;Economic Reform in Viet Nam&#8221; (with Adam Fforde), Part 3, Vol. 3, in P. Rana and N. Hamid (eds), &#8220;From Centrally Planned to Market Economies. The Asian Approach&#8221;, Asian Development Bank\/Oxford University Press, Oxford and Hong Kong, 1996<\/p>\n<p>&#8220;Evaluations of Balance of Payments Support: Case Study of Sweden&#8221;, IDS Bulletin, Vol. 27, 1996:4<\/p>\n<p>&#8220;Out of the Frying Pan into the Fire: A Critical Discussion of Anti-inflationary Policies in Nicaragua 1991-93&#8221;, in Jaime Behar (ed.), &#8220;Regional Integration and Economic Reform in Central America&#8221;, Institute of Latin American Studies, Stockholm University, Stockholm 1996<\/p>\n<p>&#8220;Festen \u00e4r \u00f6ver, Mexico&#8221;, Nyheter fr\u00e5n Latinamerika 1995:3-4<\/p>\n<p>&#8220;State and Market in Vietnam: Some Issues for an Economy in Transition&#8221;, N\u00f6rlund\/Gates\/Vu Cao Dam (eds), Vietnam in a Changing World, Nordic Institute of Asian Studies\/Curzon Press, Richmond, UK\/Copenhagen, 1995<\/p>\n<p>&#8220;Varf\u00f6r v\u00e4xer skuldb\u00f6rdan? Om betalningsbalanseffekter av strukturanpassningsl\u00e5n i Afrika&#8221;, H\u00e4ften f\u00f6r kritiska studier, Vol. 28, 1995:4<\/p>\n<p>&#8220;Fel l\u00f6sning p\u00e5 Afrikas kris. Replik till Peter Svedberg&#8221;, Ekonomisk Debatt 1995:8<\/p>\n<p>&#8220;Sustainable Human Development and Macroeconomics. Strategic Links and Implications&#8221;. UNDP Discussion Paper, New York 1995<\/p>\n<p>&#8220;Dags att spekulera i h\u00f6jda r\u00e5varupriser?&#8221;, Globala Aff\u00e4rer, 1995:1<\/p>\n<p>&#8220;Structural Adjustment in Nicaragua 1991-93.&#8221; Paper presented at the 48th International Congress of Americanists, Stockholm, July 1994<\/p>\n<p>&#8220;Why Deficits Grow. A Critical Discussion of the Impact of Structural Adjustment Lending on the External Account in Low-Income Countries&#8221;, paper presented at SAREC&#8217;s International Colloquium on New Directions in Development Economics, Stockholm, March 1994<\/p>\n<p>&#8220;Vietnam. State and Market&#8221;, Stockholm School of Economics\/SIDA Planning Secretariat, Stockholm 1993<\/p>\n<p>&#8220;Business Cycles and Aid Cycles, Development Today, Vol. III, 1993:2<\/p>\n<p>&#8220;Inflation och hyperinflation&#8221;, PECVNIA, 1993:4<\/p>\n<p>&#8220;Den internationella solidaritetens roll i den nya v\u00e4rldsordningen&#8221;, Gr\u00f6ning (ed.), Det Nya Riket. 24 kritiska r\u00f6ster om Europa-unionen, Tidens f\u00f6rlag, Stockholm 1993<\/p>\n<p>&#8220;Om verdensfattigdommens utbredelse &#8211; noen allmenne tendenser de siste ti\u00e5rene&#8221;, Svein Gjerd\u00e5ker\/Arne Tostensen (eds), Alltid fattig? Perspektiver p\u00e5 den tredje verdens fattigdom, Chr. Michelsens Institutt\/CAPPELEN, Bergen 1992<\/p>\n<p>&#8220;Den `holl\u00e4ndska sjukan` och bist\u00e5nd&#8221;, (&#8220;Dutch Disease and Foreign Aid&#8221;) Ekonomisk Debatt, 1992:6<\/p>\n<p>&#8220;Marknadens begr\u00e4nsningar&#8221;, SIDA\/Rapport 1992:3<\/p>\n<p>&#8220;How Progressive are Progressive Economic Policies? A Note on Latin America&#8217;s &#8216;Catch 22&#8217;, Economic and Industrial Democracy, Sage, London, Vol. 12, 1991<\/p>\n<p>&#8220;I skuldkrisens skugga. Latinamerika inf\u00f6r 1990-talet&#8221;, Svensk Volont\u00e4rsamverkan, Stockholm 1991<\/p>\n<p>&#8220;Socialismen i tredje v\u00e4rlden &#8211; n\u00e5gra l\u00e4rdomar och framtidsperspektiv&#8221;, David Karlsson\/Per M\u00e5nsson (eds.), Socialism utan ansikte, Daidalos, Uddevalla 1991<\/p>\n<p>&#8220;Skuldkrisen i Latinamerika&#8221;, Ekonomisk tillv\u00e4xt och utveckling, SNS f\u00f6rlag, Stockholm 1991<\/p>\n<p>&#8220;Comments on Financial and Monetary Policies&#8221;, Per Ronn\u00e5s\/\u00d6rjan Sj\u00f6berg (eds.), Socio-economic Development in Vietnam. The Agenda for the 1990s, Stockholm School of Economics\/SIDA, Stockholm 1991<\/p>\n<p>&#8220;F\u00f6rlorade illusioner. Funderingar kring fattiga l\u00e4nders roll under det sena 1900-talet.&#8221; Svante Sandberg (ed.), Uppbrott. Om u-l\u00e4nder, bist\u00e5nd och solidaritet inf\u00f6r sekelskiftet, SVS, Stockholm 1991<\/p>\n<p>&#8220;Perestroika in the Third World. The Case of Vietnam&#8221;, Asian Societies in Comparative Perspective, Nordic Proceedings in Asian Studies No. 2, Nordic Institute of Asian Studies, Copenhagen 1991<\/p>\n<p>&#8220;Towards a Market Economy? The Current State of Economic Reform in Vietnam&#8221;, Stockholm School of Economics\/SIDA, Planning Secretariat, December 1990<\/p>\n<p>&#8220;Vietnams perestroika&#8221;, Svensk Export 1990:2<\/p>\n<p>&#8220;Perestrojka i tredje v\u00e4rlden: Fallet Vietnam&#8221;, Ekonomisk Debatt 1990:2.<\/p>\n<p>&#8220;Debt Crisis &#8211; Environmental Crisis&#8221;, Inside Sweden 1990:2<\/p>\n<p>&#8220;Socialistisk dr\u00f6m &#8211; bitter verklighet&#8221;, SIDA Rapport 1990:1<\/p>\n<p>&#8220;Chiles ekonomi&#8221;, SIDA Rapport 1989:2<\/p>\n<p>&#8220;Nicaragua: Den ekonomiska utvecklingen&#8221;, Fr\u00fchling, Nyberg, Sandberg (eds.) Nicaragua: de f\u00f6rsta tio \u00e5ren, Carlssons\/UBV, Malm\u00f6 1989<\/p>\n<p>&#8220;Los vaivenes del modelo liberal&#8221;, Rigoberto Garc\u00eda (ed.), Chile 1973-86, Fondo de Cultura Econ\u00f3mica, Mexico 1989<\/p>\n<p>&#8220;Biases and Distortions in Socialist Economic Policies. Some Lessons from the Third World&#8221;, Rigoberto Garcia (ed.), Central America: Crisis and Possibilities, Institute of Latin American Studies, Stockholm 1988<\/p>\n<p>&#8220;Chile &#8211; femton \u00e5r av diktatur&#8221;, Utrikespolitiska Institutet, V\u00e4rldspolitikens dagsfr\u00e5gor 1988:6<\/p>\n<p>&#8220;Skuldb\u00f6rdan&#8221;, SIDA Rapport 1988:1<\/p>\n<p>&#8220;Policy-Related Assistance: Comments&#8221;, Fr\u00fchling, Pierre (ed.), Recovery in Africa. A Challenge for Development Cooperation in the 1990s, Swedish Ministry of Foreign Affairs, Stockholm 1988<\/p>\n<p>&#8220;Chiles ekonomi&#8221;, Lars Bildt &amp; Stefan de Vylder, Chilenare, Statens Invandrarverk, 1988<\/p>\n<p>&#8220;Economic Mismanagement in Socialist Countries: Some Lessons from the Third World&#8221;, Proceedings from the Annual Conference of Norwegian Development Researchers, Bergen 1987<\/p>\n<p>&#8220;Skuldkrisen och nyliberalismen&#8221;, Ligan. Internationell Debatt 1986:1-2<\/p>\n<p>&#8220;Katastrofer och katastrofbist\u00e5nd&#8221;, Ekonomisk debatt 1986:4<\/p>\n<p>&#8220;Det nyliberala misslyckandet och skuldkrisen&#8221;, Generaler p\u00e5 retr\u00e4tt? En antologi om den politiska utvecklingen i s\u00f6dra Latinamerika, Tidens F\u00f6rlag\/AIC, Stockholm 1986<\/p>\n<p>&#8220;Tv\u00e5 steg fram\u00e5t &#8211; och ett tillbaka&#8221;, Bist\u00e5nd i blickpunkten, SIDA 1985<\/p>\n<p>&#8220;Den nyliberala modellens uppg\u00e5ng, konsolidering och kris&#8221;, Claes Croner (ed.), Chile 4000 dagar, Naturia F\u00f6rlag AB, Stockholm 1985<\/p>\n<p>&#8220;Chile 1973-84. Auge, consolidaci\u00f3n y crisis del modelo neoliberal&#8221;, Iberoamericana, Vol XV, 1985:1-2<\/p>\n<p>&#8220;Utvecklingsteorier och utvecklingsstrategier ig\u00e5r och idag&#8221;, Andersson\/Heikensten\/de Vylder (eds.), Bist\u00e5nd i kris, 1984<\/p>\n<p>&#8220;Det ljusnar f\u00f6r Laos&#8221;, SIDA Rapport 1984:4<\/p>\n<p>&#8220;Econom\u00eda y revoluci\u00f3n en Nicaragua&#8221;, Iberoamericana, Vol. XI, 1982:1-2<\/p>\n<p>&#8220;Jordreformen i Nicaragua&#8221;, SIDA Rapport 1982:4<\/p>\n<p>&#8220;Motsetninger og forvridninger i en jordbruks\u00f6konomi: Eksemplet Bangladesh&#8221;, Norsk Utenrikspolitisk Institutt, Forum for Utviklingsstudier 1982:7<\/p>\n<p>&#8220;Nyliberalismen i praktiken. Fallet Chile&#8221;, Zenit 1982:2<\/p>\n<p>&#8220;Chile som \u00f6konomisk laboratorium&#8221;, Internasjonal Politikk 1982:2, Norsk Utenrikspolitisk Institutt<\/p>\n<p>&#8220;Vulkaner till salgs. Chiles \u00f6konomi 1973-81&#8221;, Chileaksjonens skriftserie 1982:5, Oslo 1982<\/p>\n<p>&#8220;Funderingar kring krisen&#8221;, Zenit 1981:5<\/p>\n<p>&#8220;\u00d6konomin &#8211; det svake leddet&#8221;, Einar Sandved &amp; Finn Sk\u00e5rderud (eds.), Sandinos barn. Det nye Nicaragua i opprorets Mellon-Amerika, Pax Forlag, Oslo 1981<\/p>\n<p>&#8220;Marginalanalys eller domedag?&#8221;, Christer Sanne (ed,), Kemisamh\u00e4llet och h\u00e4lsan, Sekretariatet f\u00f6r framtidsstudier, 1980<\/p>\n<p>&#8220;Urban Bias in Development&#8221;, Journal of Social Studies 1979:4, Dhaca, Bangladesh<\/p>\n<p>&#8220;Kooperationen i Bangladesh&#8221;, SIDA Rapport 1979:4<\/p>\n<p>&#8220;Bra m\u00e5l &#8211; d\u00e5ligt bist\u00e5nd&#8221; (with Lars Bondestam and Staffan Lindberg, SIDA Rapport 1979:8<\/p>\n<p>&#8220;Etiopien: Inre s\u00f6ndring och &#8216;broderlig hj\u00e4lp'&#8221;, Zenit 1977:5<\/p>\n<p>&#8220;Malthus med en dator. Kritik av Romklubbens modellteknik&#8221; (with J\u00f6rgen Weibull), H\u00e4ften f\u00f6r kritiska studier 1976:6<\/p>\n<p>&#8220;Fattigb\u00f6nder och jordreformer &#8211; r\u00e4ttvisehinder i Chiles lagstiftning&#8221;, SIDA Rapport 1973:7<\/p>\n<p>&#8220;Utrikeshandel och underutveckling i Chile&#8221;, H\u00e4ften f\u00f6r kritiska studier 1973:2-3<\/p>\n<p>&#8220;A Note on the Neglected Insurance Companies&#8221;, The Swedish Journal of Economics, Vol. 74, 1972:2<\/p>\n<p>&#8220;La UNCTAD III &#8211; hacia el tercer fracaso?&#8221; Cuadernos de la Realidad Nacional (CEREN), April 1972, Santiago, Chile<\/p>\n<p>&#8220;Vinsten hos klassikerna och Marx&#8221;, H\u00e4ften f\u00f6r kritiska studier 1970:7-8<\/p>\n<p>&nbsp;<\/p>\n","protected":false},"excerpt":{"rendered":"<p>Articles and Discussion Papers &#8220;Har euron n\u00e5gon framtid?&#8221; (&#8220;Does the Euro have a Future?&#8221;), In S\u00f6derstr\u00f6m, Hans Tson, &#8220;\u00d6verlever euron? Sex ekonomer om eurokrisen, FORES November 2013 \u201cEurokrisen och finanspakten: Ur askan i elden&#8221; (The Euro Crisis and the Fiscal Compact: Out of the Ashes into the Fire&#8221;), Forum F\u00f6r EU-debatt, Rapport nr. 2, May [&hellip;]<\/p>\n","protected":false},"author":1,"featured_media":0,"parent":0,"menu_order":0,"comment_status":"closed","ping_status":"closed","template":"","meta":{"jetpack_post_was_ever_published":false,"footnotes":""},"class_list":["post-249","page","type-page","status-publish","hentry"],"jetpack_shortlink":"https:\/\/wp.me\/P3sHGm-41","jetpack_sharing_enabled":true,"_links":{"self":[{"href":"https:\/\/stefandevylder.com\/index.php?rest_route=\/wp\/v2\/pages\/249","targetHints":{"allow":["GET"]}}],"collection":[{"href":"https:\/\/stefandevylder.com\/index.php?rest_route=\/wp\/v2\/pages"}],"about":[{"href":"https:\/\/stefandevylder.com\/index.php?rest_route=\/wp\/v2\/types\/page"}],"author":[{"embeddable":true,"href":"https:\/\/stefandevylder.com\/index.php?rest_route=\/wp\/v2\/users\/1"}],"replies":[{"embeddable":true,"href":"https:\/\/stefandevylder.com\/index.php?rest_route=%2Fwp%2Fv2%2Fcomments&post=249"}],"version-history":[{"count":2,"href":"https:\/\/stefandevylder.com\/index.php?rest_route=\/wp\/v2\/pages\/249\/revisions"}],"predecessor-version":[{"id":272,"href":"https:\/\/stefandevylder.com\/index.php?rest_route=\/wp\/v2\/pages\/249\/revisions\/272"}],"wp:attachment":[{"href":"https:\/\/stefandevylder.com\/index.php?rest_route=%2Fwp%2Fv2%2Fmedia&parent=249"}],"curies":[{"name":"wp","href":"https:\/\/api.w.org\/{rel}","templated":true}]}}